{"id":1273,"date":"2024-03-19T12:39:32","date_gmt":"2024-03-19T11:39:32","guid":{"rendered":"https:\/\/szablon.nfhotel.usermd.net\/?page_id=1273"},"modified":"2024-03-19T12:39:33","modified_gmt":"2024-03-19T11:39:33","slug":"apartamenty","status":"publish","type":"page","link":"https:\/\/rezydencjasloneczna.pl\/en\/apartamenty\/","title":{"rendered":"Apartments"},"content":{"rendered":"","protected":false},"excerpt":{"rendered":"","protected":false},"author":3,"featured_media":0,"parent":0,"menu_order":0,"comment_status":"closed","ping_status":"closed","template":"","meta":{"_acf_changed":false,"footnotes":""},"acf":[],"yoast_head":"<!-- This site is optimized with the Yoast SEO plugin v22.8 - https:\/\/yoast.com\/wordpress\/plugins\/seo\/ -->\n<title>Luksusowe apartamenty w Bia\u0142ce Tatrza\u0144skiej - S\u0142oneczna Rezydencja<\/title>\n<meta name=\"robots\" content=\"index, follow, max-snippet:-1, max-image-preview:large, max-video-preview:-1\" \/>\n<link rel=\"canonical\" href=\"https:\/\/rezydencjasloneczna.pl\/en\/apartamenty\/\" \/>\n<meta property=\"og:locale\" content=\"en_GB\" \/>\n<meta property=\"og:type\" content=\"article\" \/>\n<meta property=\"og:title\" content=\"Luksusowe apartamenty w Bia\u0142ce Tatrza\u0144skiej - S\u0142oneczna Rezydencja\" \/>\n<meta property=\"og:url\" content=\"https:\/\/rezydencjasloneczna.pl\/en\/apartamenty\/\" \/>\n<meta property=\"og:site_name\" content=\"S\u0142oneczna Rezydencja\" \/>\n<meta property=\"article:publisher\" content=\"https:\/\/www.facebook.com\/profile.php?id=61563367360799\" \/>\n<meta property=\"article:modified_time\" content=\"2024-03-19T11:39:33+00:00\" \/>\n<meta name=\"twitter:card\" content=\"summary_large_image\" \/>\n<script type=\"application\/ld+json\" class=\"yoast-schema-graph\">{\"@context\":\"https:\/\/schema.org\",\"@graph\":[{\"@type\":\"WebPage\",\"@id\":\"https:\/\/rezydencjasloneczna.pl\/apartamenty\/\",\"url\":\"https:\/\/rezydencjasloneczna.pl\/apartamenty\/\",\"name\":\"Luksusowe apartamenty w Bia\u0142ce Tatrza\u0144skiej - S\u0142oneczna Rezydencja\",\"isPartOf\":{\"@id\":\"https:\/\/rezydencjasloneczna.pl\/#website\"},\"datePublished\":\"2024-03-19T11:39:32+00:00\",\"dateModified\":\"2024-03-19T11:39:33+00:00\",\"breadcrumb\":{\"@id\":\"https:\/\/rezydencjasloneczna.pl\/apartamenty\/#breadcrumb\"},\"inLanguage\":\"en-GB\",\"potentialAction\":[{\"@type\":\"ReadAction\",\"target\":[\"https:\/\/rezydencjasloneczna.pl\/apartamenty\/\"]}]},{\"@type\":\"BreadcrumbList\",\"@id\":\"https:\/\/rezydencjasloneczna.pl\/apartamenty\/#breadcrumb\",\"itemListElement\":[{\"@type\":\"ListItem\",\"position\":1,\"name\":\"Strona g\u0142\u00f3wna\",\"item\":\"https:\/\/rezydencjasloneczna.pl\/\"},{\"@type\":\"ListItem\",\"position\":2,\"name\":\"Apartamenty\"}]},{\"@type\":\"WebSite\",\"@id\":\"https:\/\/rezydencjasloneczna.pl\/#website\",\"url\":\"https:\/\/rezydencjasloneczna.pl\/\",\"name\":\"S\u0142oneczna Rezydencja\",\"description\":\"Luksus wypoczynku w Bia\u0142ce Tatrza\u0144skiej\",\"publisher\":{\"@id\":\"https:\/\/rezydencjasloneczna.pl\/#organization\"},\"potentialAction\":[{\"@type\":\"SearchAction\",\"target\":{\"@type\":\"EntryPoint\",\"urlTemplate\":\"https:\/\/rezydencjasloneczna.pl\/?s={search_term_string}\"},\"query-input\":\"required name=search_term_string\"}],\"inLanguage\":\"en-GB\"},{\"@type\":\"Organization\",\"@id\":\"https:\/\/rezydencjasloneczna.pl\/#organization\",\"name\":\"S\u0142oneczna Rezydencja\",\"url\":\"https:\/\/rezydencjasloneczna.pl\/\",\"logo\":{\"@type\":\"ImageObject\",\"inLanguage\":\"en-GB\",\"@id\":\"https:\/\/rezydencjasloneczna.pl\/#\/schema\/logo\/image\/\",\"url\":\"https:\/\/rezydencjasloneczna.pl\/wp-content\/uploads\/2024\/07\/cropped-Dostepne-wkrotce-Post-na-Instagram-1.jpg\",\"contentUrl\":\"https:\/\/rezydencjasloneczna.pl\/wp-content\/uploads\/2024\/07\/cropped-Dostepne-wkrotce-Post-na-Instagram-1.jpg\",\"width\":512,\"height\":512,\"caption\":\"S\u0142oneczna Rezydencja\"},\"image\":{\"@id\":\"https:\/\/rezydencjasloneczna.pl\/#\/schema\/logo\/image\/\"},\"sameAs\":[\"https:\/\/www.facebook.com\/profile.php?id=61563367360799\"]}]}<\/script>\n<!-- \/ Yoast SEO plugin. -->","yoast_head_json":{"title":"Luksusowe apartamenty w Bia\u0142ce Tatrza\u0144skiej - S\u0142oneczna Rezydencja","robots":{"index":"index","follow":"follow","max-snippet":"max-snippet:-1","max-image-preview":"max-image-preview:large","max-video-preview":"max-video-preview:-1"},"canonical":"https:\/\/rezydencjasloneczna.pl\/en\/apartamenty\/","og_locale":"en_GB","og_type":"article","og_title":"Luksusowe apartamenty w Bia\u0142ce Tatrza\u0144skiej - S\u0142oneczna Rezydencja","og_url":"https:\/\/rezydencjasloneczna.pl\/en\/apartamenty\/","og_site_name":"S\u0142oneczna Rezydencja","article_publisher":"https:\/\/www.facebook.com\/profile.php?id=61563367360799","article_modified_time":"2024-03-19T11:39:33+00:00","twitter_card":"summary_large_image","schema":{"@context":"https:\/\/schema.org","@graph":[{"@type":"WebPage","@id":"https:\/\/rezydencjasloneczna.pl\/apartamenty\/","url":"https:\/\/rezydencjasloneczna.pl\/apartamenty\/","name":"Luksusowe apartamenty w Bia\u0142ce Tatrza\u0144skiej - S\u0142oneczna Rezydencja","isPartOf":{"@id":"https:\/\/rezydencjasloneczna.pl\/#website"},"datePublished":"2024-03-19T11:39:32+00:00","dateModified":"2024-03-19T11:39:33+00:00","breadcrumb":{"@id":"https:\/\/rezydencjasloneczna.pl\/apartamenty\/#breadcrumb"},"inLanguage":"en-GB","potentialAction":[{"@type":"ReadAction","target":["https:\/\/rezydencjasloneczna.pl\/apartamenty\/"]}]},{"@type":"BreadcrumbList","@id":"https:\/\/rezydencjasloneczna.pl\/apartamenty\/#breadcrumb","itemListElement":[{"@type":"ListItem","position":1,"name":"Strona g\u0142\u00f3wna","item":"https:\/\/rezydencjasloneczna.pl\/"},{"@type":"ListItem","position":2,"name":"Apartamenty"}]},{"@type":"WebSite","@id":"https:\/\/rezydencjasloneczna.pl\/#website","url":"https:\/\/rezydencjasloneczna.pl\/","name":"S\u0142oneczna Rezydencja","description":"Luksus wypoczynku w Bia\u0142ce Tatrza\u0144skiej","publisher":{"@id":"https:\/\/rezydencjasloneczna.pl\/#organization"},"potentialAction":[{"@type":"SearchAction","target":{"@type":"EntryPoint","urlTemplate":"https:\/\/rezydencjasloneczna.pl\/?s={search_term_string}"},"query-input":"required name=search_term_string"}],"inLanguage":"en-GB"},{"@type":"Organization","@id":"https:\/\/rezydencjasloneczna.pl\/#organization","name":"S\u0142oneczna Rezydencja","url":"https:\/\/rezydencjasloneczna.pl\/","logo":{"@type":"ImageObject","inLanguage":"en-GB","@id":"https:\/\/rezydencjasloneczna.pl\/#\/schema\/logo\/image\/","url":"https:\/\/rezydencjasloneczna.pl\/wp-content\/uploads\/2024\/07\/cropped-Dostepne-wkrotce-Post-na-Instagram-1.jpg","contentUrl":"https:\/\/rezydencjasloneczna.pl\/wp-content\/uploads\/2024\/07\/cropped-Dostepne-wkrotce-Post-na-Instagram-1.jpg","width":512,"height":512,"caption":"S\u0142oneczna Rezydencja"},"image":{"@id":"https:\/\/rezydencjasloneczna.pl\/#\/schema\/logo\/image\/"},"sameAs":["https:\/\/www.facebook.com\/profile.php?id=61563367360799"]}]}},"_links":{"self":[{"href":"https:\/\/rezydencjasloneczna.pl\/en\/wp-json\/wp\/v2\/pages\/1273"}],"collection":[{"href":"https:\/\/rezydencjasloneczna.pl\/en\/wp-json\/wp\/v2\/pages"}],"about":[{"href":"https:\/\/rezydencjasloneczna.pl\/en\/wp-json\/wp\/v2\/types\/page"}],"author":[{"embeddable":true,"href":"https:\/\/rezydencjasloneczna.pl\/en\/wp-json\/wp\/v2\/users\/3"}],"replies":[{"embeddable":true,"href":"https:\/\/rezydencjasloneczna.pl\/en\/wp-json\/wp\/v2\/comments?post=1273"}],"version-history":[{"count":1,"href":"https:\/\/rezydencjasloneczna.pl\/en\/wp-json\/wp\/v2\/pages\/1273\/revisions"}],"predecessor-version":[{"id":1274,"href":"https:\/\/rezydencjasloneczna.pl\/en\/wp-json\/wp\/v2\/pages\/1273\/revisions\/1274"}],"wp:attachment":[{"href":"https:\/\/rezydencjasloneczna.pl\/en\/wp-json\/wp\/v2\/media?parent=1273"}],"curies":[{"name":"wp","href":"https:\/\/api.w.org\/{rel}","templated":true}]}}