{"id":1278,"date":"2024-03-19T14:05:55","date_gmt":"2024-03-19T13:05:55","guid":{"rendered":"https:\/\/szablon.nfhotel.usermd.net\/?page_id=1278"},"modified":"2024-08-27T13:04:25","modified_gmt":"2024-08-27T11:04:25","slug":"pakiety-promocyjne","status":"publish","type":"page","link":"https:\/\/rezydencjasloneczna.pl\/en\/pakiety-promocyjne\/","title":{"rendered":"Offer"},"content":{"rendered":"<figure class=\"wp-block-image size-large\"><img loading=\"lazy\" decoding=\"async\" width=\"1024\" height=\"683\" src=\"https:\/\/rezydencjasloneczna.pl\/wp-content\/uploads\/2024\/08\/DSCF8596_7_8-1024x683.jpg\" alt=\"\" class=\"wp-image-1664\" srcset=\"https:\/\/rezydencjasloneczna.pl\/wp-content\/uploads\/2024\/08\/DSCF8596_7_8-1024x683.jpg 1024w, https:\/\/rezydencjasloneczna.pl\/wp-content\/uploads\/2024\/08\/DSCF8596_7_8-300x200.jpg 300w, https:\/\/rezydencjasloneczna.pl\/wp-content\/uploads\/2024\/08\/DSCF8596_7_8-768x512.jpg 768w, https:\/\/rezydencjasloneczna.pl\/wp-content\/uploads\/2024\/08\/DSCF8596_7_8-1536x1024.jpg 1536w, https:\/\/rezydencjasloneczna.pl\/wp-content\/uploads\/2024\/08\/DSCF8596_7_8-18x12.jpg 18w, https:\/\/rezydencjasloneczna.pl\/wp-content\/uploads\/2024\/08\/DSCF8596_7_8.jpg 1920w\" sizes=\"(max-width: 1024px) 100vw, 1024px\" \/><\/figure>","protected":false},"excerpt":{"rendered":"","protected":false},"author":3,"featured_media":1704,"parent":0,"menu_order":0,"comment_status":"closed","ping_status":"closed","template":"","meta":{"_acf_changed":false,"footnotes":""},"acf":[],"yoast_head":"<!-- This site is optimized with the Yoast SEO plugin v22.8 - https:\/\/yoast.com\/wordpress\/plugins\/seo\/ -->\n<title>Zarezerwuj apartament w Bia\u0142ce - S\u0142oneczna Rezydencja<\/title>\n<meta name=\"description\" content=\"Na stronie S\u0142oneczna Rezydencja masz gwarancje najni\u017cszej ceny. Korzystaj z pakiet\u00f3w promocyjnych by cieszy\u0107 si\u0119 wszystkimi udogodnieniami.\" \/>\n<meta name=\"robots\" content=\"index, follow, max-snippet:-1, max-image-preview:large, max-video-preview:-1\" \/>\n<link rel=\"canonical\" href=\"https:\/\/rezydencjasloneczna.pl\/en\/pakiety-promocyjne\/\" \/>\n<meta property=\"og:locale\" content=\"en_GB\" \/>\n<meta property=\"og:type\" content=\"article\" \/>\n<meta property=\"og:title\" content=\"Zarezerwuj apartament w Bia\u0142ce - S\u0142oneczna Rezydencja\" \/>\n<meta property=\"og:description\" content=\"Na stronie S\u0142oneczna Rezydencja masz gwarancje najni\u017cszej ceny. Korzystaj z pakiet\u00f3w promocyjnych by cieszy\u0107 si\u0119 wszystkimi udogodnieniami.\" \/>\n<meta property=\"og:url\" content=\"https:\/\/rezydencjasloneczna.pl\/en\/pakiety-promocyjne\/\" \/>\n<meta property=\"og:site_name\" content=\"S\u0142oneczna Rezydencja\" \/>\n<meta property=\"article:publisher\" content=\"https:\/\/www.facebook.com\/profile.php?id=61563367360799\" \/>\n<meta property=\"article:modified_time\" content=\"2024-08-27T11:04:25+00:00\" \/>\n<meta property=\"og:image\" content=\"https:\/\/rezydencjasloneczna.pl\/wp-content\/uploads\/2024\/03\/3.jpg\" \/>\n\t<meta property=\"og:image:width\" content=\"940\" \/>\n\t<meta property=\"og:image:height\" content=\"788\" \/>\n\t<meta property=\"og:image:type\" content=\"image\/jpeg\" \/>\n<meta name=\"twitter:card\" content=\"summary_large_image\" \/>\n<meta name=\"twitter:label1\" content=\"Estimated reading time\" \/>\n\t<meta name=\"twitter:data1\" content=\"2 minutes\" \/>\n<script type=\"application\/ld+json\" class=\"yoast-schema-graph\">{\"@context\":\"https:\/\/schema.org\",\"@graph\":[{\"@type\":\"WebPage\",\"@id\":\"https:\/\/rezydencjasloneczna.pl\/pakiety-promocyjne\/\",\"url\":\"https:\/\/rezydencjasloneczna.pl\/pakiety-promocyjne\/\",\"name\":\"Zarezerwuj apartament w Bia\u0142ce - S\u0142oneczna Rezydencja\",\"isPartOf\":{\"@id\":\"https:\/\/rezydencjasloneczna.pl\/#website\"},\"primaryImageOfPage\":{\"@id\":\"https:\/\/rezydencjasloneczna.pl\/pakiety-promocyjne\/#primaryimage\"},\"image\":{\"@id\":\"https:\/\/rezydencjasloneczna.pl\/pakiety-promocyjne\/#primaryimage\"},\"thumbnailUrl\":\"https:\/\/rezydencjasloneczna.pl\/wp-content\/uploads\/2024\/03\/3.jpg\",\"datePublished\":\"2024-03-19T13:05:55+00:00\",\"dateModified\":\"2024-08-27T11:04:25+00:00\",\"description\":\"Na stronie S\u0142oneczna Rezydencja masz gwarancje najni\u017cszej ceny. Korzystaj z pakiet\u00f3w promocyjnych by cieszy\u0107 si\u0119 wszystkimi udogodnieniami.\",\"breadcrumb\":{\"@id\":\"https:\/\/rezydencjasloneczna.pl\/pakiety-promocyjne\/#breadcrumb\"},\"inLanguage\":\"en-GB\",\"potentialAction\":[{\"@type\":\"ReadAction\",\"target\":[\"https:\/\/rezydencjasloneczna.pl\/pakiety-promocyjne\/\"]}]},{\"@type\":\"ImageObject\",\"inLanguage\":\"en-GB\",\"@id\":\"https:\/\/rezydencjasloneczna.pl\/pakiety-promocyjne\/#primaryimage\",\"url\":\"https:\/\/rezydencjasloneczna.pl\/wp-content\/uploads\/2024\/03\/3.jpg\",\"contentUrl\":\"https:\/\/rezydencjasloneczna.pl\/wp-content\/uploads\/2024\/03\/3.jpg\",\"width\":940,\"height\":788},{\"@type\":\"BreadcrumbList\",\"@id\":\"https:\/\/rezydencjasloneczna.pl\/pakiety-promocyjne\/#breadcrumb\",\"itemListElement\":[{\"@type\":\"ListItem\",\"position\":1,\"name\":\"Strona g\u0142\u00f3wna\",\"item\":\"https:\/\/rezydencjasloneczna.pl\/\"},{\"@type\":\"ListItem\",\"position\":2,\"name\":\"Oferta\"}]},{\"@type\":\"WebSite\",\"@id\":\"https:\/\/rezydencjasloneczna.pl\/#website\",\"url\":\"https:\/\/rezydencjasloneczna.pl\/\",\"name\":\"S\u0142oneczna Rezydencja\",\"description\":\"Luksus wypoczynku w Bia\u0142ce Tatrza\u0144skiej\",\"publisher\":{\"@id\":\"https:\/\/rezydencjasloneczna.pl\/#organization\"},\"potentialAction\":[{\"@type\":\"SearchAction\",\"target\":{\"@type\":\"EntryPoint\",\"urlTemplate\":\"https:\/\/rezydencjasloneczna.pl\/?s={search_term_string}\"},\"query-input\":\"required name=search_term_string\"}],\"inLanguage\":\"en-GB\"},{\"@type\":\"Organization\",\"@id\":\"https:\/\/rezydencjasloneczna.pl\/#organization\",\"name\":\"S\u0142oneczna Rezydencja\",\"url\":\"https:\/\/rezydencjasloneczna.pl\/\",\"logo\":{\"@type\":\"ImageObject\",\"inLanguage\":\"en-GB\",\"@id\":\"https:\/\/rezydencjasloneczna.pl\/#\/schema\/logo\/image\/\",\"url\":\"https:\/\/rezydencjasloneczna.pl\/wp-content\/uploads\/2024\/07\/cropped-Dostepne-wkrotce-Post-na-Instagram-1.jpg\",\"contentUrl\":\"https:\/\/rezydencjasloneczna.pl\/wp-content\/uploads\/2024\/07\/cropped-Dostepne-wkrotce-Post-na-Instagram-1.jpg\",\"width\":512,\"height\":512,\"caption\":\"S\u0142oneczna Rezydencja\"},\"image\":{\"@id\":\"https:\/\/rezydencjasloneczna.pl\/#\/schema\/logo\/image\/\"},\"sameAs\":[\"https:\/\/www.facebook.com\/profile.php?id=61563367360799\"]}]}<\/script>\n<!-- \/ Yoast SEO plugin. -->","yoast_head_json":{"title":"Zarezerwuj apartament w Bia\u0142ce - S\u0142oneczna Rezydencja","description":"Na stronie S\u0142oneczna Rezydencja masz gwarancje najni\u017cszej ceny. Korzystaj z pakiet\u00f3w promocyjnych by cieszy\u0107 si\u0119 wszystkimi udogodnieniami.","robots":{"index":"index","follow":"follow","max-snippet":"max-snippet:-1","max-image-preview":"max-image-preview:large","max-video-preview":"max-video-preview:-1"},"canonical":"https:\/\/rezydencjasloneczna.pl\/en\/pakiety-promocyjne\/","og_locale":"en_GB","og_type":"article","og_title":"Zarezerwuj apartament w Bia\u0142ce - S\u0142oneczna Rezydencja","og_description":"Na stronie S\u0142oneczna Rezydencja masz gwarancje najni\u017cszej ceny. Korzystaj z pakiet\u00f3w promocyjnych by cieszy\u0107 si\u0119 wszystkimi udogodnieniami.","og_url":"https:\/\/rezydencjasloneczna.pl\/en\/pakiety-promocyjne\/","og_site_name":"S\u0142oneczna Rezydencja","article_publisher":"https:\/\/www.facebook.com\/profile.php?id=61563367360799","article_modified_time":"2024-08-27T11:04:25+00:00","og_image":[{"width":940,"height":788,"url":"https:\/\/rezydencjasloneczna.pl\/wp-content\/uploads\/2024\/03\/3.jpg","type":"image\/jpeg"}],"twitter_card":"summary_large_image","twitter_misc":{"Estimated reading time":"2 minutes"},"schema":{"@context":"https:\/\/schema.org","@graph":[{"@type":"WebPage","@id":"https:\/\/rezydencjasloneczna.pl\/pakiety-promocyjne\/","url":"https:\/\/rezydencjasloneczna.pl\/pakiety-promocyjne\/","name":"Zarezerwuj apartament w Bia\u0142ce - S\u0142oneczna Rezydencja","isPartOf":{"@id":"https:\/\/rezydencjasloneczna.pl\/#website"},"primaryImageOfPage":{"@id":"https:\/\/rezydencjasloneczna.pl\/pakiety-promocyjne\/#primaryimage"},"image":{"@id":"https:\/\/rezydencjasloneczna.pl\/pakiety-promocyjne\/#primaryimage"},"thumbnailUrl":"https:\/\/rezydencjasloneczna.pl\/wp-content\/uploads\/2024\/03\/3.jpg","datePublished":"2024-03-19T13:05:55+00:00","dateModified":"2024-08-27T11:04:25+00:00","description":"Na stronie S\u0142oneczna Rezydencja masz gwarancje najni\u017cszej ceny. Korzystaj z pakiet\u00f3w promocyjnych by cieszy\u0107 si\u0119 wszystkimi udogodnieniami.","breadcrumb":{"@id":"https:\/\/rezydencjasloneczna.pl\/pakiety-promocyjne\/#breadcrumb"},"inLanguage":"en-GB","potentialAction":[{"@type":"ReadAction","target":["https:\/\/rezydencjasloneczna.pl\/pakiety-promocyjne\/"]}]},{"@type":"ImageObject","inLanguage":"en-GB","@id":"https:\/\/rezydencjasloneczna.pl\/pakiety-promocyjne\/#primaryimage","url":"https:\/\/rezydencjasloneczna.pl\/wp-content\/uploads\/2024\/03\/3.jpg","contentUrl":"https:\/\/rezydencjasloneczna.pl\/wp-content\/uploads\/2024\/03\/3.jpg","width":940,"height":788},{"@type":"BreadcrumbList","@id":"https:\/\/rezydencjasloneczna.pl\/pakiety-promocyjne\/#breadcrumb","itemListElement":[{"@type":"ListItem","position":1,"name":"Strona g\u0142\u00f3wna","item":"https:\/\/rezydencjasloneczna.pl\/"},{"@type":"ListItem","position":2,"name":"Oferta"}]},{"@type":"WebSite","@id":"https:\/\/rezydencjasloneczna.pl\/#website","url":"https:\/\/rezydencjasloneczna.pl\/","name":"S\u0142oneczna Rezydencja","description":"Luksus wypoczynku w Bia\u0142ce Tatrza\u0144skiej","publisher":{"@id":"https:\/\/rezydencjasloneczna.pl\/#organization"},"potentialAction":[{"@type":"SearchAction","target":{"@type":"EntryPoint","urlTemplate":"https:\/\/rezydencjasloneczna.pl\/?s={search_term_string}"},"query-input":"required name=search_term_string"}],"inLanguage":"en-GB"},{"@type":"Organization","@id":"https:\/\/rezydencjasloneczna.pl\/#organization","name":"S\u0142oneczna Rezydencja","url":"https:\/\/rezydencjasloneczna.pl\/","logo":{"@type":"ImageObject","inLanguage":"en-GB","@id":"https:\/\/rezydencjasloneczna.pl\/#\/schema\/logo\/image\/","url":"https:\/\/rezydencjasloneczna.pl\/wp-content\/uploads\/2024\/07\/cropped-Dostepne-wkrotce-Post-na-Instagram-1.jpg","contentUrl":"https:\/\/rezydencjasloneczna.pl\/wp-content\/uploads\/2024\/07\/cropped-Dostepne-wkrotce-Post-na-Instagram-1.jpg","width":512,"height":512,"caption":"S\u0142oneczna Rezydencja"},"image":{"@id":"https:\/\/rezydencjasloneczna.pl\/#\/schema\/logo\/image\/"},"sameAs":["https:\/\/www.facebook.com\/profile.php?id=61563367360799"]}]}},"_links":{"self":[{"href":"https:\/\/rezydencjasloneczna.pl\/en\/wp-json\/wp\/v2\/pages\/1278"}],"collection":[{"href":"https:\/\/rezydencjasloneczna.pl\/en\/wp-json\/wp\/v2\/pages"}],"about":[{"href":"https:\/\/rezydencjasloneczna.pl\/en\/wp-json\/wp\/v2\/types\/page"}],"author":[{"embeddable":true,"href":"https:\/\/rezydencjasloneczna.pl\/en\/wp-json\/wp\/v2\/users\/3"}],"replies":[{"embeddable":true,"href":"https:\/\/rezydencjasloneczna.pl\/en\/wp-json\/wp\/v2\/comments?post=1278"}],"version-history":[{"count":2,"href":"https:\/\/rezydencjasloneczna.pl\/en\/wp-json\/wp\/v2\/pages\/1278\/revisions"}],"predecessor-version":[{"id":1709,"href":"https:\/\/rezydencjasloneczna.pl\/en\/wp-json\/wp\/v2\/pages\/1278\/revisions\/1709"}],"wp:featuredmedia":[{"embeddable":true,"href":"https:\/\/rezydencjasloneczna.pl\/en\/wp-json\/wp\/v2\/media\/1704"}],"wp:attachment":[{"href":"https:\/\/rezydencjasloneczna.pl\/en\/wp-json\/wp\/v2\/media?parent=1278"}],"curies":[{"name":"wp","href":"https:\/\/api.w.org\/{rel}","templated":true}]}}