{"id":1280,"date":"2024-03-19T14:25:26","date_gmt":"2024-03-19T13:25:26","guid":{"rendered":"https:\/\/szablon.nfhotel.usermd.net\/?page_id=1280"},"modified":"2025-01-09T08:44:58","modified_gmt":"2025-01-09T07:44:58","slug":"apartamenty-z-basenem-w-bialce-tatrzanskiej","status":"publish","type":"page","link":"https:\/\/rezydencjasloneczna.pl\/en\/apartamenty-z-basenem-w-bialce-tatrzanskiej\/","title":{"rendered":"Wellness"},"content":{"rendered":"<h2 class=\"wp-block-heading has-black-color has-black-background-color has-text-color has-background has-link-color has-large-font-size wp-elements-ac0e68d91ae275c3734c9fc5bfa6b00b\" style=\"font-style:normal;font-weight:300\">Zapraszamy niebawem!<\/h2>","protected":false},"excerpt":{"rendered":"<p>Zapraszamy niebawem!<\/p>","protected":false},"author":8,"featured_media":1926,"parent":0,"menu_order":0,"comment_status":"closed","ping_status":"closed","template":"","meta":{"_acf_changed":false,"footnotes":""},"acf":[],"yoast_head":"<!-- This site is optimized with the Yoast SEO plugin v22.8 - https:\/\/yoast.com\/wordpress\/plugins\/seo\/ -->\n<title>SPA - S\u0142oneczna Rezydencja -apartamenty z jacuzzi<\/title>\n<meta name=\"description\" content=\"Luksusowe apartamenty ze SPA, saun\u0105 i jacuzzi w Bia\u0142ce Tatrza\u0144skiej - Rezydencja S\u0142oneczna. Zarezerwuj pobyt na stronie.\" \/>\n<meta name=\"robots\" content=\"index, follow, max-snippet:-1, max-image-preview:large, max-video-preview:-1\" \/>\n<link rel=\"canonical\" href=\"https:\/\/rezydencjasloneczna.pl\/en\/apartamenty-z-basenem-w-bialce-tatrzanskiej\/\" \/>\n<meta property=\"og:locale\" content=\"en_GB\" \/>\n<meta property=\"og:type\" content=\"article\" \/>\n<meta property=\"og:title\" content=\"SPA - S\u0142oneczna Rezydencja -apartamenty z jacuzzi\" \/>\n<meta property=\"og:description\" content=\"Luksusowe apartamenty ze SPA, saun\u0105 i jacuzzi w Bia\u0142ce Tatrza\u0144skiej - Rezydencja S\u0142oneczna. Zarezerwuj pobyt na stronie.\" \/>\n<meta property=\"og:url\" content=\"https:\/\/rezydencjasloneczna.pl\/en\/apartamenty-z-basenem-w-bialce-tatrzanskiej\/\" \/>\n<meta property=\"og:site_name\" content=\"S\u0142oneczna Rezydencja\" \/>\n<meta property=\"article:publisher\" content=\"https:\/\/www.facebook.com\/profile.php?id=61563367360799\" \/>\n<meta property=\"article:modified_time\" content=\"2025-01-09T07:44:58+00:00\" \/>\n<meta property=\"og:image\" content=\"https:\/\/rezydencjasloneczna.pl\/wp-content\/uploads\/2025\/01\/DSCF9499_500_501.jpg\" \/>\n\t<meta property=\"og:image:width\" content=\"1920\" \/>\n\t<meta property=\"og:image:height\" content=\"1280\" \/>\n\t<meta property=\"og:image:type\" content=\"image\/jpeg\" \/>\n<meta name=\"twitter:card\" content=\"summary_large_image\" \/>\n<meta name=\"twitter:label1\" content=\"Estimated reading time\" \/>\n\t<meta name=\"twitter:data1\" content=\"2 minutes\" \/>\n<script type=\"application\/ld+json\" class=\"yoast-schema-graph\">{\"@context\":\"https:\/\/schema.org\",\"@graph\":[{\"@type\":\"WebPage\",\"@id\":\"https:\/\/rezydencjasloneczna.pl\/apartamenty-z-basenem-w-bialce-tatrzanskiej\/\",\"url\":\"https:\/\/rezydencjasloneczna.pl\/apartamenty-z-basenem-w-bialce-tatrzanskiej\/\",\"name\":\"SPA - S\u0142oneczna Rezydencja -apartamenty z jacuzzi\",\"isPartOf\":{\"@id\":\"https:\/\/rezydencjasloneczna.pl\/#website\"},\"primaryImageOfPage\":{\"@id\":\"https:\/\/rezydencjasloneczna.pl\/apartamenty-z-basenem-w-bialce-tatrzanskiej\/#primaryimage\"},\"image\":{\"@id\":\"https:\/\/rezydencjasloneczna.pl\/apartamenty-z-basenem-w-bialce-tatrzanskiej\/#primaryimage\"},\"thumbnailUrl\":\"https:\/\/rezydencjasloneczna.pl\/wp-content\/uploads\/2025\/01\/DSCF9499_500_501.jpg\",\"datePublished\":\"2024-03-19T13:25:26+00:00\",\"dateModified\":\"2025-01-09T07:44:58+00:00\",\"description\":\"Luksusowe apartamenty ze SPA, saun\u0105 i jacuzzi w Bia\u0142ce Tatrza\u0144skiej - Rezydencja S\u0142oneczna. Zarezerwuj pobyt na stronie.\",\"breadcrumb\":{\"@id\":\"https:\/\/rezydencjasloneczna.pl\/apartamenty-z-basenem-w-bialce-tatrzanskiej\/#breadcrumb\"},\"inLanguage\":\"en-GB\",\"potentialAction\":[{\"@type\":\"ReadAction\",\"target\":[\"https:\/\/rezydencjasloneczna.pl\/apartamenty-z-basenem-w-bialce-tatrzanskiej\/\"]}]},{\"@type\":\"ImageObject\",\"inLanguage\":\"en-GB\",\"@id\":\"https:\/\/rezydencjasloneczna.pl\/apartamenty-z-basenem-w-bialce-tatrzanskiej\/#primaryimage\",\"url\":\"https:\/\/rezydencjasloneczna.pl\/wp-content\/uploads\/2025\/01\/DSCF9499_500_501.jpg\",\"contentUrl\":\"https:\/\/rezydencjasloneczna.pl\/wp-content\/uploads\/2025\/01\/DSCF9499_500_501.jpg\",\"width\":1920,\"height\":1280},{\"@type\":\"BreadcrumbList\",\"@id\":\"https:\/\/rezydencjasloneczna.pl\/apartamenty-z-basenem-w-bialce-tatrzanskiej\/#breadcrumb\",\"itemListElement\":[{\"@type\":\"ListItem\",\"position\":1,\"name\":\"Strona g\u0142\u00f3wna\",\"item\":\"https:\/\/rezydencjasloneczna.pl\/\"},{\"@type\":\"ListItem\",\"position\":2,\"name\":\"Wellness\"}]},{\"@type\":\"WebSite\",\"@id\":\"https:\/\/rezydencjasloneczna.pl\/#website\",\"url\":\"https:\/\/rezydencjasloneczna.pl\/\",\"name\":\"S\u0142oneczna Rezydencja\",\"description\":\"Luksus wypoczynku w Bia\u0142ce Tatrza\u0144skiej\",\"publisher\":{\"@id\":\"https:\/\/rezydencjasloneczna.pl\/#organization\"},\"potentialAction\":[{\"@type\":\"SearchAction\",\"target\":{\"@type\":\"EntryPoint\",\"urlTemplate\":\"https:\/\/rezydencjasloneczna.pl\/?s={search_term_string}\"},\"query-input\":\"required name=search_term_string\"}],\"inLanguage\":\"en-GB\"},{\"@type\":\"Organization\",\"@id\":\"https:\/\/rezydencjasloneczna.pl\/#organization\",\"name\":\"S\u0142oneczna Rezydencja\",\"url\":\"https:\/\/rezydencjasloneczna.pl\/\",\"logo\":{\"@type\":\"ImageObject\",\"inLanguage\":\"en-GB\",\"@id\":\"https:\/\/rezydencjasloneczna.pl\/#\/schema\/logo\/image\/\",\"url\":\"https:\/\/rezydencjasloneczna.pl\/wp-content\/uploads\/2024\/07\/cropped-Dostepne-wkrotce-Post-na-Instagram-1.jpg\",\"contentUrl\":\"https:\/\/rezydencjasloneczna.pl\/wp-content\/uploads\/2024\/07\/cropped-Dostepne-wkrotce-Post-na-Instagram-1.jpg\",\"width\":512,\"height\":512,\"caption\":\"S\u0142oneczna Rezydencja\"},\"image\":{\"@id\":\"https:\/\/rezydencjasloneczna.pl\/#\/schema\/logo\/image\/\"},\"sameAs\":[\"https:\/\/www.facebook.com\/profile.php?id=61563367360799\"]}]}<\/script>\n<!-- \/ Yoast SEO plugin. -->","yoast_head_json":{"title":"SPA - S\u0142oneczna Rezydencja -apartamenty z jacuzzi","description":"Luksusowe apartamenty ze SPA, saun\u0105 i jacuzzi w Bia\u0142ce Tatrza\u0144skiej - Rezydencja S\u0142oneczna. Zarezerwuj pobyt na stronie.","robots":{"index":"index","follow":"follow","max-snippet":"max-snippet:-1","max-image-preview":"max-image-preview:large","max-video-preview":"max-video-preview:-1"},"canonical":"https:\/\/rezydencjasloneczna.pl\/en\/apartamenty-z-basenem-w-bialce-tatrzanskiej\/","og_locale":"en_GB","og_type":"article","og_title":"SPA - S\u0142oneczna Rezydencja -apartamenty z jacuzzi","og_description":"Luksusowe apartamenty ze SPA, saun\u0105 i jacuzzi w Bia\u0142ce Tatrza\u0144skiej - Rezydencja S\u0142oneczna. Zarezerwuj pobyt na stronie.","og_url":"https:\/\/rezydencjasloneczna.pl\/en\/apartamenty-z-basenem-w-bialce-tatrzanskiej\/","og_site_name":"S\u0142oneczna Rezydencja","article_publisher":"https:\/\/www.facebook.com\/profile.php?id=61563367360799","article_modified_time":"2025-01-09T07:44:58+00:00","og_image":[{"width":1920,"height":1280,"url":"https:\/\/rezydencjasloneczna.pl\/wp-content\/uploads\/2025\/01\/DSCF9499_500_501.jpg","type":"image\/jpeg"}],"twitter_card":"summary_large_image","twitter_misc":{"Estimated reading time":"2 minutes"},"schema":{"@context":"https:\/\/schema.org","@graph":[{"@type":"WebPage","@id":"https:\/\/rezydencjasloneczna.pl\/apartamenty-z-basenem-w-bialce-tatrzanskiej\/","url":"https:\/\/rezydencjasloneczna.pl\/apartamenty-z-basenem-w-bialce-tatrzanskiej\/","name":"SPA - S\u0142oneczna Rezydencja -apartamenty z jacuzzi","isPartOf":{"@id":"https:\/\/rezydencjasloneczna.pl\/#website"},"primaryImageOfPage":{"@id":"https:\/\/rezydencjasloneczna.pl\/apartamenty-z-basenem-w-bialce-tatrzanskiej\/#primaryimage"},"image":{"@id":"https:\/\/rezydencjasloneczna.pl\/apartamenty-z-basenem-w-bialce-tatrzanskiej\/#primaryimage"},"thumbnailUrl":"https:\/\/rezydencjasloneczna.pl\/wp-content\/uploads\/2025\/01\/DSCF9499_500_501.jpg","datePublished":"2024-03-19T13:25:26+00:00","dateModified":"2025-01-09T07:44:58+00:00","description":"Luksusowe apartamenty ze SPA, saun\u0105 i jacuzzi w Bia\u0142ce Tatrza\u0144skiej - Rezydencja S\u0142oneczna. Zarezerwuj pobyt na stronie.","breadcrumb":{"@id":"https:\/\/rezydencjasloneczna.pl\/apartamenty-z-basenem-w-bialce-tatrzanskiej\/#breadcrumb"},"inLanguage":"en-GB","potentialAction":[{"@type":"ReadAction","target":["https:\/\/rezydencjasloneczna.pl\/apartamenty-z-basenem-w-bialce-tatrzanskiej\/"]}]},{"@type":"ImageObject","inLanguage":"en-GB","@id":"https:\/\/rezydencjasloneczna.pl\/apartamenty-z-basenem-w-bialce-tatrzanskiej\/#primaryimage","url":"https:\/\/rezydencjasloneczna.pl\/wp-content\/uploads\/2025\/01\/DSCF9499_500_501.jpg","contentUrl":"https:\/\/rezydencjasloneczna.pl\/wp-content\/uploads\/2025\/01\/DSCF9499_500_501.jpg","width":1920,"height":1280},{"@type":"BreadcrumbList","@id":"https:\/\/rezydencjasloneczna.pl\/apartamenty-z-basenem-w-bialce-tatrzanskiej\/#breadcrumb","itemListElement":[{"@type":"ListItem","position":1,"name":"Strona g\u0142\u00f3wna","item":"https:\/\/rezydencjasloneczna.pl\/"},{"@type":"ListItem","position":2,"name":"Wellness"}]},{"@type":"WebSite","@id":"https:\/\/rezydencjasloneczna.pl\/#website","url":"https:\/\/rezydencjasloneczna.pl\/","name":"S\u0142oneczna Rezydencja","description":"Luksus wypoczynku w Bia\u0142ce Tatrza\u0144skiej","publisher":{"@id":"https:\/\/rezydencjasloneczna.pl\/#organization"},"potentialAction":[{"@type":"SearchAction","target":{"@type":"EntryPoint","urlTemplate":"https:\/\/rezydencjasloneczna.pl\/?s={search_term_string}"},"query-input":"required name=search_term_string"}],"inLanguage":"en-GB"},{"@type":"Organization","@id":"https:\/\/rezydencjasloneczna.pl\/#organization","name":"S\u0142oneczna Rezydencja","url":"https:\/\/rezydencjasloneczna.pl\/","logo":{"@type":"ImageObject","inLanguage":"en-GB","@id":"https:\/\/rezydencjasloneczna.pl\/#\/schema\/logo\/image\/","url":"https:\/\/rezydencjasloneczna.pl\/wp-content\/uploads\/2024\/07\/cropped-Dostepne-wkrotce-Post-na-Instagram-1.jpg","contentUrl":"https:\/\/rezydencjasloneczna.pl\/wp-content\/uploads\/2024\/07\/cropped-Dostepne-wkrotce-Post-na-Instagram-1.jpg","width":512,"height":512,"caption":"S\u0142oneczna Rezydencja"},"image":{"@id":"https:\/\/rezydencjasloneczna.pl\/#\/schema\/logo\/image\/"},"sameAs":["https:\/\/www.facebook.com\/profile.php?id=61563367360799"]}]}},"_links":{"self":[{"href":"https:\/\/rezydencjasloneczna.pl\/en\/wp-json\/wp\/v2\/pages\/1280"}],"collection":[{"href":"https:\/\/rezydencjasloneczna.pl\/en\/wp-json\/wp\/v2\/pages"}],"about":[{"href":"https:\/\/rezydencjasloneczna.pl\/en\/wp-json\/wp\/v2\/types\/page"}],"author":[{"embeddable":true,"href":"https:\/\/rezydencjasloneczna.pl\/en\/wp-json\/wp\/v2\/users\/8"}],"replies":[{"embeddable":true,"href":"https:\/\/rezydencjasloneczna.pl\/en\/wp-json\/wp\/v2\/comments?post=1280"}],"version-history":[{"count":7,"href":"https:\/\/rezydencjasloneczna.pl\/en\/wp-json\/wp\/v2\/pages\/1280\/revisions"}],"predecessor-version":[{"id":1729,"href":"https:\/\/rezydencjasloneczna.pl\/en\/wp-json\/wp\/v2\/pages\/1280\/revisions\/1729"}],"wp:featuredmedia":[{"embeddable":true,"href":"https:\/\/rezydencjasloneczna.pl\/en\/wp-json\/wp\/v2\/media\/1926"}],"wp:attachment":[{"href":"https:\/\/rezydencjasloneczna.pl\/en\/wp-json\/wp\/v2\/media?parent=1280"}],"curies":[{"name":"wp","href":"https:\/\/api.w.org\/{rel}","templated":true}]}}